{"id":6,"date":"2026-02-26T11:28:31","date_gmt":"2026-02-26T11:28:31","guid":{"rendered":"http:\/\/www.bd-schnouf.com\/?page_id=6"},"modified":"2026-03-05T11:34:37","modified_gmt":"2026-03-05T11:34:37","slug":"bio","status":"publish","type":"page","link":"https:\/\/www.bd-schnouf.com\/index.php\/bio\/","title":{"rendered":"JE M&#8217;APPELLE SCHNOUF"},"content":{"rendered":"\t\t<div data-elementor-type=\"wp-page\" data-elementor-id=\"6\" class=\"elementor elementor-6\">\n\t\t\t\t<div class=\"elementor-element elementor-element-bf8f2f0 e-flex e-con-boxed e-con e-parent\" data-id=\"bf8f2f0\" data-element_type=\"container\" data-e-type=\"container\">\n\t\t\t\t\t<div class=\"e-con-inner\">\n\t\t<div class=\"elementor-element elementor-element-9d10cce e-con-full e-flex e-con e-child\" data-id=\"9d10cce\" data-element_type=\"container\" data-e-type=\"container\" data-settings=\"{&quot;background_background&quot;:&quot;classic&quot;}\">\n\t\t\t\t<\/div>\n\t\t<div class=\"elementor-element elementor-element-245442b e-con-full e-flex e-con e-child\" data-id=\"245442b\" data-element_type=\"container\" data-e-type=\"container\">\n\t\t\t\t<div class=\"elementor-element elementor-element-914e3d0 elementor-widget elementor-widget-text-editor\" data-id=\"914e3d0\" data-element_type=\"widget\" data-e-type=\"widget\" data-widget_type=\"text-editor.default\">\n\t\t\t\t\t\t\t\t\t<p>Je m\u2019appelle <b>Schnouf<\/b>.<\/p>\n<p>Je suis l\u00e0 depuis longtemps, sans vraiment savoir quand je suis arriv\u00e9. Je ne suis ni tout \u00e0 fait humain, ni vraiment animal\u2026 disons que je me faufile entre les deux. C\u2019est pratique pour observer le monde sans trop s\u2019y cogner.<\/p>\n<p>J\u2019accompagne la vie de pr\u00e8s. Je regarde les autres schnoufs, j\u2019\u00e9coute, je r\u00e9fl\u00e9chis. Parfois je comprends tr\u00e8s bien ce qui se passe, parfois je prends volontairement un pas de c\u00f4t\u00e9. \u00c7a me permet de dire les choses autrement, avec un peu de distance et souvent avec humour. J\u2019aime commenter le quotidien, les petites histoires comme les grands \u00e9v\u00e9nements, surtout ceux qui touchent \u00e0 la vie personnelle.<\/p>\n<p>Quand une situation devient compliqu\u00e9e, je suis souvent l\u00e0. Je glisse une remarque, une id\u00e9e, une blague bien plac\u00e9e. Je ne donne pas de le\u00e7ons, mais j\u2019aide \u00e0 trouver du courage ou \u00e0 voir les choses sous un autre angle.&nbsp;<\/p><p><i><\/i>Avec le temps, je suis devenu plus qu\u2019un personnage. Je suis une pr\u00e9sence, une voix int\u00e9rieure, un compagnon pour mon cr\u00e9ateur , un peu bizarre mais fid\u00e8le.<span class=\"Apple-converted-space\">&nbsp;<\/span><\/p>\n<p>Je ne suis pas parfait, je suis juste <b>Schnouf<\/b>.<br>Et finalement, je crois qu\u2019on m\u2019aime bien comme \u00e7a.<\/p>\t\t\t\t\t\t\t\t<\/div>\n\t\t\t\t<\/div>\n\t\t<div class=\"elementor-element elementor-element-b4ea309 e-con-full e-flex e-con e-child\" data-id=\"b4ea309\" data-element_type=\"container\" data-e-type=\"container\" data-settings=\"{&quot;background_background&quot;:&quot;classic&quot;}\">\n\t\t\t\t<\/div>\n\t\t\t\t\t<\/div>\n\t\t\t\t<\/div>\n\t\t\t\t<\/div>\n\t\t","protected":false},"excerpt":{"rendered":"<p>Je m\u2019appelle Schnouf. Je suis l\u00e0 depuis longtemps, sans vraiment savoir quand je suis arriv\u00e9. Je ne suis ni tout [&hellip;]<\/p>\n","protected":false},"author":1,"featured_media":0,"parent":0,"menu_order":0,"comment_status":"closed","ping_status":"closed","template":"","meta":{"site-sidebar-layout":"default","site-content-layout":"","ast-site-content-layout":"default","site-content-style":"default","site-sidebar-style":"default","ast-global-header-display":"","ast-banner-title-visibility":"","ast-main-header-display":"","ast-hfb-above-header-display":"","ast-hfb-below-header-display":"","ast-hfb-mobile-header-display":"","site-post-title":"","ast-breadcrumbs-content":"","ast-featured-img":"","footer-sml-layout":"","ast-disable-related-posts":"","theme-transparent-header-meta":"","adv-header-id-meta":"","stick-header-meta":"","header-above-stick-meta":"","header-main-stick-meta":"","header-below-stick-meta":"","astra-migrate-meta-layouts":"default","ast-page-background-enabled":"default","ast-page-background-meta":{"desktop":{"background-color":"var(--ast-global-color-5)","background-image":"","background-repeat":"repeat","background-position":"center center","background-size":"auto","background-attachment":"scroll","background-type":"","background-media":"","overlay-type":"","overlay-color":"","overlay-opacity":"","overlay-gradient":""},"tablet":{"background-color":"","background-image":"","background-repeat":"repeat","background-position":"center center","background-size":"auto","background-attachment":"scroll","background-type":"","background-media":"","overlay-type":"","overlay-color":"","overlay-opacity":"","overlay-gradient":""},"mobile":{"background-color":"","background-image":"","background-repeat":"repeat","background-position":"center center","background-size":"auto","background-attachment":"scroll","background-type":"","background-media":"","overlay-type":"","overlay-color":"","overlay-opacity":"","overlay-gradient":""}},"ast-content-background-meta":{"desktop":{"background-color":"var(--ast-global-color-4)","background-image":"","background-repeat":"repeat","background-position":"center center","background-size":"auto","background-attachment":"scroll","background-type":"","background-media":"","overlay-type":"","overlay-color":"","overlay-opacity":"","overlay-gradient":""},"tablet":{"background-color":"var(--ast-global-color-4)","background-image":"","background-repeat":"repeat","background-position":"center center","background-size":"auto","background-attachment":"scroll","background-type":"","background-media":"","overlay-type":"","overlay-color":"","overlay-opacity":"","overlay-gradient":""},"mobile":{"background-color":"var(--ast-global-color-4)","background-image":"","background-repeat":"repeat","background-position":"center center","background-size":"auto","background-attachment":"scroll","background-type":"","background-media":"","overlay-type":"","overlay-color":"","overlay-opacity":"","overlay-gradient":""}},"footnotes":""},"class_list":["post-6","page","type-page","status-publish","hentry"],"_links":{"self":[{"href":"https:\/\/www.bd-schnouf.com\/index.php\/wp-json\/wp\/v2\/pages\/6","targetHints":{"allow":["GET"]}}],"collection":[{"href":"https:\/\/www.bd-schnouf.com\/index.php\/wp-json\/wp\/v2\/pages"}],"about":[{"href":"https:\/\/www.bd-schnouf.com\/index.php\/wp-json\/wp\/v2\/types\/page"}],"author":[{"embeddable":true,"href":"https:\/\/www.bd-schnouf.com\/index.php\/wp-json\/wp\/v2\/users\/1"}],"replies":[{"embeddable":true,"href":"https:\/\/www.bd-schnouf.com\/index.php\/wp-json\/wp\/v2\/comments?post=6"}],"version-history":[{"count":33,"href":"https:\/\/www.bd-schnouf.com\/index.php\/wp-json\/wp\/v2\/pages\/6\/revisions"}],"predecessor-version":[{"id":236,"href":"https:\/\/www.bd-schnouf.com\/index.php\/wp-json\/wp\/v2\/pages\/6\/revisions\/236"}],"wp:attachment":[{"href":"https:\/\/www.bd-schnouf.com\/index.php\/wp-json\/wp\/v2\/media?parent=6"}],"curies":[{"name":"wp","href":"https:\/\/api.w.org\/{rel}","templated":true}]}}